{"id":1999,"date":"2026-01-20T10:18:51","date_gmt":"2026-01-20T09:18:51","guid":{"rendered":"https:\/\/skodatitandesertalmeria.titanworldseries.com\/the-event\/hotel\/"},"modified":"2026-04-15T09:43:30","modified_gmt":"2026-04-15T07:43:30","slug":"hotel","status":"publish","type":"page","link":"https:\/\/dev-marruecos.titanworldseries.com\/en\/the-event\/hotel\/","title":{"rendered":"Hotel"},"content":{"rendered":"\t\t<div data-elementor-type=\"wp-page\" data-elementor-id=\"1999\" class=\"elementor elementor-1999 elementor-416\" data-elementor-post-type=\"page\">\n\t\t\t\t<div class=\"elementor-element elementor-element-125844e e-con-full e-flex e-con e-parent\" data-id=\"125844e\" data-element_type=\"container\" data-e-type=\"container\">\n\t\t<div class=\"elementor-element elementor-element-8168a5c e-con-full e-flex e-con e-child\" data-id=\"8168a5c\" data-element_type=\"container\" data-e-type=\"container\" data-settings=\"{&quot;background_background&quot;:&quot;classic&quot;}\">\n\t\t\t\t<\/div>\n\t\t\t\t<\/div>\n\t\t<div class=\"elementor-element elementor-element-804bb07 e-flex e-con-boxed e-con e-parent\" data-id=\"804bb07\" data-element_type=\"container\" data-e-type=\"container\" data-settings=\"{&quot;background_background&quot;:&quot;classic&quot;,&quot;sticky&quot;:&quot;top&quot;,&quot;sticky_offset&quot;:65,&quot;sticky_offset_mobile&quot;:50,&quot;sticky_on&quot;:[&quot;desktop&quot;,&quot;laptop&quot;,&quot;tablet&quot;,&quot;mobile&quot;],&quot;sticky_effects_offset&quot;:0,&quot;sticky_anchor_link_offset&quot;:0}\">\n\t\t\t\t\t<div class=\"e-con-inner\">\n\t\t\t\t<div class=\"elementor-element elementor-element-f841989 elementor-widget elementor-widget-template\" data-id=\"f841989\" data-element_type=\"widget\" data-e-type=\"widget\" data-widget_type=\"template.default\">\n\t\t\t\t<div class=\"elementor-widget-container\">\n\t\t\t\t\t\t\t<div class=\"elementor-template\">\n\t\t\t\t\t<div data-elementor-type=\"container\" data-elementor-id=\"984\" class=\"elementor elementor-984\" data-elementor-post-type=\"elementor_library\">\n\t\t\t\t<div class=\"elementor-element elementor-element-5adc6cb8 e-con-full e-flex e-con e-parent\" data-id=\"5adc6cb8\" data-element_type=\"container\" data-e-type=\"container\" data-settings=\"{&quot;background_background&quot;:&quot;classic&quot;,&quot;sticky&quot;:&quot;top&quot;,&quot;sticky_offset&quot;:65,&quot;sticky_offset_mobile&quot;:50,&quot;sticky_on&quot;:[&quot;desktop&quot;,&quot;laptop&quot;,&quot;tablet&quot;,&quot;mobile&quot;],&quot;sticky_effects_offset&quot;:0,&quot;sticky_anchor_link_offset&quot;:0}\">\n\t\t\t\t<div class=\"elementor-element elementor-element-3542794e elementor-nav-menu__align-center elementor-nav-menu--stretch elementor-nav-menu--dropdown-tablet elementor-nav-menu__text-align-aside elementor-nav-menu--toggle elementor-nav-menu--burger elementor-widget elementor-widget-nav-menu\" data-id=\"3542794e\" data-element_type=\"widget\" data-e-type=\"widget\" data-settings=\"{&quot;full_width&quot;:&quot;stretch&quot;,&quot;layout&quot;:&quot;horizontal&quot;,&quot;submenu_icon&quot;:{&quot;value&quot;:&quot;&lt;svg aria-hidden=\\&quot;true\\&quot; class=\\&quot;e-font-icon-svg e-fas-caret-down\\&quot; viewBox=\\&quot;0 0 320 512\\&quot; xmlns=\\&quot;http:\\\/\\\/www.w3.org\\\/2000\\\/svg\\&quot;&gt;&lt;path d=\\&quot;M31.3 192h257.3c17.8 0 26.7 21.5 14.1 34.1L174.1 354.8c-7.8 7.8-20.5 7.8-28.3 0L17.2 226.1C4.6 213.5 13.5 192 31.3 192z\\&quot;&gt;&lt;\\\/path&gt;&lt;\\\/svg&gt;&quot;,&quot;library&quot;:&quot;fa-solid&quot;},&quot;toggle&quot;:&quot;burger&quot;}\" data-widget_type=\"nav-menu.default\">\n\t\t\t\t\t\t\t\t<nav aria-label=\"Men\u00fa\" class=\"elementor-nav-menu--main elementor-nav-menu__container elementor-nav-menu--layout-horizontal e--pointer-underline e--animation-fade\">\n\t\t\t\t<ul id=\"menu-1-3542794e\" class=\"elementor-nav-menu\"><li class=\"menu-item menu-item-type-post_type menu-item-object-page menu-item-422\"><a href=\"https:\/\/dev-marruecos.titanworldseries.com\/el-evento\/recorridos\/\" class=\"elementor-item\">Route<\/a><\/li>\n<li class=\"menu-item menu-item-type-post_type menu-item-object-page menu-item-418\"><a href=\"https:\/\/dev-marruecos.titanworldseries.com\/el-evento\/carrera\/\" class=\"elementor-item\">The race<\/a><\/li>\n<li class=\"menu-item menu-item-type-post_type menu-item-object-page menu-item-421\"><a href=\"https:\/\/dev-marruecos.titanworldseries.com\/el-evento\/informacion-del-viaje\/\" class=\"elementor-item\">Travel info<\/a><\/li>\n<li class=\"menu-item menu-item-type-post_type menu-item-object-page menu-item-419\"><a href=\"https:\/\/dev-marruecos.titanworldseries.com\/el-evento\/equipamiento\/\" class=\"elementor-item\">Equipment<\/a><\/li>\n<li class=\"menu-item menu-item-type-post_type menu-item-object-page menu-item-420\"><a href=\"https:\/\/dev-marruecos.titanworldseries.com\/el-evento\/hotel\/\" class=\"elementor-item\">Hotel<\/a><\/li>\n<\/ul>\t\t\t<\/nav>\n\t\t\t\t\t<div class=\"elementor-menu-toggle\" role=\"button\" tabindex=\"0\" aria-label=\"Menu Toggle\" aria-expanded=\"false\">\n\t\t\t<svg aria-hidden=\"true\" role=\"presentation\" class=\"elementor-menu-toggle__icon--open e-font-icon-svg e-eicon-menu-bar\" viewBox=\"0 0 1000 1000\" xmlns=\"http:\/\/www.w3.org\/2000\/svg\"><path d=\"M104 333H896C929 333 958 304 958 271S929 208 896 208H104C71 208 42 237 42 271S71 333 104 333ZM104 583H896C929 583 958 554 958 521S929 458 896 458H104C71 458 42 487 42 521S71 583 104 583ZM104 833H896C929 833 958 804 958 771S929 708 896 708H104C71 708 42 737 42 771S71 833 104 833Z\"><\/path><\/svg><svg aria-hidden=\"true\" role=\"presentation\" class=\"elementor-menu-toggle__icon--close e-font-icon-svg e-eicon-close\" viewBox=\"0 0 1000 1000\" xmlns=\"http:\/\/www.w3.org\/2000\/svg\"><path d=\"M742 167L500 408 258 167C246 154 233 150 217 150 196 150 179 158 167 167 154 179 150 196 150 212 150 229 154 242 171 254L408 500 167 742C138 771 138 800 167 829 196 858 225 858 254 829L496 587 738 829C750 842 767 846 783 846 800 846 817 842 829 829 842 817 846 804 846 783 846 767 842 750 829 737L588 500 833 258C863 229 863 200 833 171 804 137 775 137 742 167Z\"><\/path><\/svg>\t\t<\/div>\n\t\t\t\t\t<nav class=\"elementor-nav-menu--dropdown elementor-nav-menu__container\" aria-hidden=\"true\">\n\t\t\t\t<ul id=\"menu-2-3542794e\" class=\"elementor-nav-menu\"><li class=\"menu-item menu-item-type-post_type menu-item-object-page menu-item-422\"><a href=\"https:\/\/dev-marruecos.titanworldseries.com\/el-evento\/recorridos\/\" class=\"elementor-item\" tabindex=\"-1\">Route<\/a><\/li>\n<li class=\"menu-item menu-item-type-post_type menu-item-object-page menu-item-418\"><a href=\"https:\/\/dev-marruecos.titanworldseries.com\/el-evento\/carrera\/\" class=\"elementor-item\" tabindex=\"-1\">The race<\/a><\/li>\n<li class=\"menu-item menu-item-type-post_type menu-item-object-page menu-item-421\"><a href=\"https:\/\/dev-marruecos.titanworldseries.com\/el-evento\/informacion-del-viaje\/\" class=\"elementor-item\" tabindex=\"-1\">Travel info<\/a><\/li>\n<li class=\"menu-item menu-item-type-post_type menu-item-object-page menu-item-419\"><a href=\"https:\/\/dev-marruecos.titanworldseries.com\/el-evento\/equipamiento\/\" class=\"elementor-item\" tabindex=\"-1\">Equipment<\/a><\/li>\n<li class=\"menu-item menu-item-type-post_type menu-item-object-page menu-item-420\"><a href=\"https:\/\/dev-marruecos.titanworldseries.com\/el-evento\/hotel\/\" class=\"elementor-item\" tabindex=\"-1\">Hotel<\/a><\/li>\n<\/ul>\t\t\t<\/nav>\n\t\t\t\t\t\t<\/div>\n\t\t\t\t<div class=\"elementor-element elementor-element-e25b6e8 elementor-hidden-desktop elementor-hidden-laptop elementor-widget elementor-widget-heading\" data-id=\"e25b6e8\" data-element_type=\"widget\" data-e-type=\"widget\" data-widget_type=\"heading.default\">\n\t\t\t\t\t<h2 class=\"elementor-heading-title elementor-size-default\">El evento<\/h2>\t\t\t\t<\/div>\n\t\t\t\t<\/div>\n\t\t\t\t<\/div>\n\t\t\t\t<\/div>\n\t\t\t\t\t\t<\/div>\n\t\t\t\t<\/div>\n\t\t\t\t\t<\/div>\n\t\t\t\t<\/div>\n\t\t<div class=\"elementor-element elementor-element-63a29f4 e-flex e-con-boxed e-con e-parent\" data-id=\"63a29f4\" data-element_type=\"container\" data-e-type=\"container\">\n\t\t\t\t\t<div class=\"e-con-inner\">\n\t\t\t\t<div class=\"elementor-element elementor-element-85281f7 elementor-invisible elementor-widget elementor-widget-heading\" data-id=\"85281f7\" data-element_type=\"widget\" data-e-type=\"widget\" data-settings=\"{&quot;_animation&quot;:&quot;fadeInRight&quot;}\" data-widget_type=\"heading.default\">\n\t\t\t\t\t<h2 class=\"elementor-heading-title elementor-size-default\">Hotel<\/h2>\t\t\t\t<\/div>\n\t\t\t\t<div class=\"elementor-element elementor-element-070e002 elementor-widget elementor-widget-text-editor\" data-id=\"070e002\" data-element_type=\"widget\" data-e-type=\"widget\" data-widget_type=\"text-editor.default\">\n\t\t\t\t\t\t\t\t\t<p>In the Titan World Series, the training camps are just as important as the course of each stage.<\/p><p>At the \u0160koda Titan Desert Almer\u00eda, the entire peloton stays in 4-star hotels right on the Almeria coast. There, you&#8217;ll have access to all the necessary accommodations and amenities to enjoy the race.<\/p><p>It will also be the place where you can get information about the race, enjoy the additional activities, ask questions, and attend the nightly sports briefing, which serves as a recap of the day and a preview of the next day\u2019s stage.<\/p><p>The hotels where the Titans will be staying for the 2026 edition will be announced very soon.<\/p>\t\t\t\t\t\t\t\t<\/div>\n\t\t\t\t\t<\/div>\n\t\t\t\t<\/div>\n\t\t<div class=\"elementor-element elementor-element-c74c0ed e-con-full elementor-hidden-desktop elementor-hidden-laptop elementor-hidden-tablet elementor-hidden-mobile e-flex e-con e-parent\" data-id=\"c74c0ed\" data-element_type=\"container\" data-e-type=\"container\" data-settings=\"{&quot;background_background&quot;:&quot;classic&quot;}\">\n\t\t<div class=\"elementor-element elementor-element-34032c0 e-con-full e-flex e-con e-child\" data-id=\"34032c0\" data-element_type=\"container\" data-e-type=\"container\">\n\t\t\t\t<div class=\"elementor-element elementor-element-8b6f844 elementor-invisible elementor-widget elementor-widget-heading\" data-id=\"8b6f844\" data-element_type=\"widget\" data-e-type=\"widget\" data-settings=\"{&quot;_animation&quot;:&quot;fadeInUp&quot;}\" data-widget_type=\"heading.default\">\n\t\t\t\t\t<h2 class=\"elementor-heading-title elementor-size-default\">Hotel A<\/h2>\t\t\t\t<\/div>\n\t\t\t\t<div class=\"elementor-element elementor-element-1f910c9 elementor-widget elementor-widget-text-editor\" data-id=\"1f910c9\" data-element_type=\"widget\" data-e-type=\"widget\" data-widget_type=\"text-editor.default\">\n\t\t\t\t\t\t\t\t\t<p>\u0160koda Titan Desert Almer\u00eda is much more than just a mountain bike race. It\u2019s four days of challenges, with constant athletic and personal hurdles to overcome. A unique experience where you\u2019ll test your limits on the bike and share experiences with the rest of the Titan camp.  <\/p>\t\t\t\t\t\t\t\t<\/div>\n\t\t\t\t<\/div>\n\t\t<div class=\"elementor-element elementor-element-8f227bc e-con-full e-flex e-con e-child\" data-id=\"8f227bc\" data-element_type=\"container\" data-e-type=\"container\">\n\t\t\t\t<\/div>\n\t\t\t\t<\/div>\n\t\t<div class=\"elementor-element elementor-element-df9f033 e-con-full elementor-hidden-desktop elementor-hidden-laptop elementor-hidden-tablet elementor-hidden-mobile e-flex e-con e-parent\" data-id=\"df9f033\" data-element_type=\"container\" data-e-type=\"container\" data-settings=\"{&quot;background_background&quot;:&quot;classic&quot;}\">\n\t\t<div class=\"elementor-element elementor-element-0b68de6 e-con-full e-flex e-con e-child\" data-id=\"0b68de6\" data-element_type=\"container\" data-e-type=\"container\">\n\t\t\t\t<\/div>\n\t\t<div class=\"elementor-element elementor-element-81c4872 e-con-full e-flex e-con e-child\" data-id=\"81c4872\" data-element_type=\"container\" data-e-type=\"container\">\n\t\t\t\t<div class=\"elementor-element elementor-element-9aa459a elementor-invisible elementor-widget elementor-widget-heading\" data-id=\"9aa459a\" data-element_type=\"widget\" data-e-type=\"widget\" data-settings=\"{&quot;_animation&quot;:&quot;fadeInUp&quot;}\" data-widget_type=\"heading.default\">\n\t\t\t\t\t<h2 class=\"elementor-heading-title elementor-size-default\">Hotel b<\/h2>\t\t\t\t<\/div>\n\t\t\t\t<div class=\"elementor-element elementor-element-a9ce88e elementor-widget elementor-widget-text-editor\" data-id=\"a9ce88e\" data-element_type=\"widget\" data-e-type=\"widget\" data-widget_type=\"text-editor.default\">\n\t\t\t\t\t\t\t\t\t<p>No race in the world gives you the chance to ride in the same peloton as cyclists of the caliber of Peter Sagan, Miguel Indur\u00e1in, \u201cPurito\u201d Rodr\u00edguez, or Luis Le\u00f3n S\u00e1nchez, among many others.<\/p>\t\t\t\t\t\t\t\t<\/div>\n\t\t\t\t<\/div>\n\t\t\t\t<\/div>\n\t\t<div class=\"elementor-element elementor-element-633cfb9 e-flex e-con-boxed e-con e-parent\" data-id=\"633cfb9\" data-element_type=\"container\" data-e-type=\"container\" data-settings=\"{&quot;background_background&quot;:&quot;classic&quot;}\">\n\t\t\t\t\t<div class=\"e-con-inner\">\n\t\t\t\t<div class=\"elementor-element elementor-element-00caeca elementor-widget elementor-widget-heading\" data-id=\"00caeca\" data-element_type=\"widget\" data-e-type=\"widget\" data-widget_type=\"heading.default\">\n\t\t\t\t\t<h2 class=\"elementor-heading-title elementor-size-default\">Todo incluido<\/h2>\t\t\t\t<\/div>\n\t\t<div class=\"elementor-element elementor-element-e270105 e-con-full e-grid e-con e-child\" data-id=\"e270105\" data-element_type=\"container\" data-e-type=\"container\">\n\t\t<div class=\"elementor-element elementor-element-046fb43 e-con-full e-flex e-con e-child\" data-id=\"046fb43\" data-element_type=\"container\" data-e-type=\"container\">\n\t\t\t\t<div class=\"elementor-element elementor-element-c3cd30c elementor-widget elementor-widget-image\" data-id=\"c3cd30c\" data-element_type=\"widget\" data-e-type=\"widget\" data-widget_type=\"image.default\">\n\t\t\t\t\t\t\t\t\t\t\t\t\t\t\t<img decoding=\"async\" width=\"115\" height=\"115\" src=\"https:\/\/dev-marruecos.titanworldseries.com\/wp-content\/uploads\/2026\/01\/comida.svg\" class=\"elementor-animation-grow attachment-large size-large wp-image-1996\" alt=\"\" \/>\t\t\t\t\t\t\t\t\t\t\t\t\t\t\t<\/div>\n\t\t\t\t<div class=\"elementor-element elementor-element-76a8ea9 elementor-widget elementor-widget-heading\" data-id=\"76a8ea9\" data-element_type=\"widget\" data-e-type=\"widget\" data-widget_type=\"heading.default\">\n\t\t\t\t\t<h4 class=\"elementor-heading-title elementor-size-default\">Food<\/h4>\t\t\t\t<\/div>\n\t\t\t\t<\/div>\n\t\t<div class=\"elementor-element elementor-element-220fb0c e-con-full e-flex e-con e-child\" data-id=\"220fb0c\" data-element_type=\"container\" data-e-type=\"container\">\n\t\t\t\t<div class=\"elementor-element elementor-element-61c9611 elementor-widget elementor-widget-image\" data-id=\"61c9611\" data-element_type=\"widget\" data-e-type=\"widget\" data-widget_type=\"image.default\">\n\t\t\t\t\t\t\t\t\t\t\t\t\t\t\t<img decoding=\"async\" width=\"115\" height=\"115\" src=\"https:\/\/dev-marruecos.titanworldseries.com\/wp-content\/uploads\/2026\/01\/bebida.svg\" class=\"elementor-animation-grow attachment-large size-large wp-image-1997\" alt=\"\" \/>\t\t\t\t\t\t\t\t\t\t\t\t\t\t\t<\/div>\n\t\t\t\t<div class=\"elementor-element elementor-element-9d8f42c elementor-widget elementor-widget-heading\" data-id=\"9d8f42c\" data-element_type=\"widget\" data-e-type=\"widget\" data-widget_type=\"heading.default\">\n\t\t\t\t\t<h4 class=\"elementor-heading-title elementor-size-default\">Beverages\n<\/h4>\t\t\t\t<\/div>\n\t\t\t\t<\/div>\n\t\t<div class=\"elementor-element elementor-element-30634c2 e-con-full e-flex e-con e-child\" data-id=\"30634c2\" data-element_type=\"container\" data-e-type=\"container\">\n\t\t\t\t<div class=\"elementor-element elementor-element-25233f1 elementor-widget elementor-widget-image\" data-id=\"25233f1\" data-element_type=\"widget\" data-e-type=\"widget\" data-widget_type=\"image.default\">\n\t\t\t\t\t\t\t\t\t\t\t\t\t\t\t<img decoding=\"async\" width=\"115\" height=\"115\" src=\"https:\/\/dev-marruecos.titanworldseries.com\/wp-content\/uploads\/2026\/01\/otras.svg\" class=\"elementor-animation-grow attachment-large size-large wp-image-1998\" alt=\"\" \/>\t\t\t\t\t\t\t\t\t\t\t\t\t\t\t<\/div>\n\t\t\t\t<div class=\"elementor-element elementor-element-b83e05d elementor-widget elementor-widget-heading\" data-id=\"b83e05d\" data-element_type=\"widget\" data-e-type=\"widget\" data-widget_type=\"heading.default\">\n\t\t\t\t\t<h4 class=\"elementor-heading-title elementor-size-default\">Many others<\/h4>\t\t\t\t<\/div>\n\t\t\t\t<\/div>\n\t\t\t\t<\/div>\n\t\t\t\t\t<\/div>\n\t\t\t\t<\/div>\n\t\t\t\t<\/div>\n\t\t","protected":false},"excerpt":{"rendered":"<p>Hotel In the Titan World Series, the training camps are just as important as the course of each stage. At the \u0160koda Titan Desert Almer\u00eda, the entire peloton stays in 4-star hotels right on the Almeria coast. There, you&#8217;ll have access to all the necessary accommodations and amenities to enjoy the race. It will also [&hellip;]<\/p>\n","protected":false},"author":1,"featured_media":0,"parent":1959,"menu_order":0,"comment_status":"closed","ping_status":"closed","template":"","meta":{"footnotes":""},"class_list":["post-1999","page","type-page","status-publish","hentry"],"_links":{"self":[{"href":"https:\/\/dev-marruecos.titanworldseries.com\/en\/wp-json\/wp\/v2\/pages\/1999","targetHints":{"allow":["GET"]}}],"collection":[{"href":"https:\/\/dev-marruecos.titanworldseries.com\/en\/wp-json\/wp\/v2\/pages"}],"about":[{"href":"https:\/\/dev-marruecos.titanworldseries.com\/en\/wp-json\/wp\/v2\/types\/page"}],"author":[{"embeddable":true,"href":"https:\/\/dev-marruecos.titanworldseries.com\/en\/wp-json\/wp\/v2\/users\/1"}],"replies":[{"embeddable":true,"href":"https:\/\/dev-marruecos.titanworldseries.com\/en\/wp-json\/wp\/v2\/comments?post=1999"}],"version-history":[{"count":5,"href":"https:\/\/dev-marruecos.titanworldseries.com\/en\/wp-json\/wp\/v2\/pages\/1999\/revisions"}],"predecessor-version":[{"id":2362,"href":"https:\/\/dev-marruecos.titanworldseries.com\/en\/wp-json\/wp\/v2\/pages\/1999\/revisions\/2362"}],"up":[{"embeddable":true,"href":"https:\/\/dev-marruecos.titanworldseries.com\/en\/wp-json\/wp\/v2\/pages\/1959"}],"wp:attachment":[{"href":"https:\/\/dev-marruecos.titanworldseries.com\/en\/wp-json\/wp\/v2\/media?parent=1999"}],"curies":[{"name":"wp","href":"https:\/\/api.w.org\/{rel}","templated":true}]}}